{"id":37,"date":"2019-04-16T19:29:22","date_gmt":"2019-04-16T17:29:22","guid":{"rendered":"https:\/\/katzemall.store\/wordpress\/?page_id=37"},"modified":"2020-01-07T01:49:08","modified_gmt":"2020-01-07T00:49:08","slug":"blog","status":"publish","type":"page","link":"https:\/\/katzemall.store\/?page_id=37","title":{"rendered":"Blog"},"content":{"rendered":"\n<p>Herzlichst willkommen bei Katzemall!<\/p>\n\n\n\n<p>Wir hoffen eure W\u00fcnsche erf\u00fcllen zu k\u00f6nnen! Hier entsteht eine Webseite auf der ihr uns kennenlernen, unsere Produkte bestellen und irgendwann auch  eure eigenen Produkte  designen k\u00f6nnt. <\/p>\n\n\n\n<p>Bis dahin k\u00f6nnen bereits einige M\u00fctzen und Stirnb\u00e4nder im <a href=\"https:\/\/katzemall.store\/wordpress\/?post_type=product\">Shop<\/a> gekauft werden. Bald folgen Berichte zu unserer Wolle, den Ideen hinter den Produkten und dem Fertigungsprozess. Wir arbeiten an einer Farbpalette und der M\u00f6glichkeit einen Produktkonfigurator zu integrieren.   <\/p>\n\n\n\n<p>Im Blog gibt es Beitr\u00e4ge rund ums Thema <a href=\"https:\/\/katzemall.store\/?page_id=317\">Wendem\u00fctze<\/a> und <a href=\"https:\/\/katzemall.store\/?page_id=2\"> Katzemall<\/a> . <\/p>\n\n\n\n<p>Bei Fragen und f\u00fcr individuelle W\u00fcnsche oder Ma\u00dfanfertigungen stehen wir sehr gerne jederzeit \u00fcber unseren <a href=\"https:\/\/katzemall.store\/?page_id=55\">Kontakt<\/a> zur Verf\u00fcgung.  Wir freuen uns au\u00dferdem immer \u00fcber Anregungen und Ideen bez\u00fcglich der Gestaltung unserer Website!<\/p>\n\n\n\n<p><\/p>\n\n\n\n<div class=\"wp-block-media-text alignwide has-media-on-the-right\"><figure class=\"wp-block-media-text__media\"><img loading=\"lazy\" decoding=\"async\" width=\"1000\" height=\"750\" src=\"https:\/\/katzemall.store\/wordpress\/wp-content\/uploads\/2019\/04\/P1006292.jpg\" alt=\"KM Antifa Setup\" class=\"wp-image-114\" srcset=\"https:\/\/katzemall.store\/wordpress\/wp-content\/uploads\/2019\/04\/P1006292.jpg 1000w, https:\/\/katzemall.store\/wordpress\/wp-content\/uploads\/2019\/04\/P1006292-300x225.jpg 300w, https:\/\/katzemall.store\/wordpress\/wp-content\/uploads\/2019\/04\/P1006292-768x576.jpg 768w, https:\/\/katzemall.store\/wordpress\/wp-content\/uploads\/2019\/04\/P1006292-416x312.jpg 416w\" sizes=\"auto, (max-width: 1000px) 100vw, 1000px\" \/><\/figure><div class=\"wp-block-media-text__content\">\n<p class=\"has-large-font-size\"><a href=\"https:\/\/katzemall.store\/?page_id=317\"><strong>Die Wendem\u00fctze<\/strong><\/a><\/p>\n<\/div><\/div>\n\n\n\n<p><\/p>\n\n\n\n<div class=\"wp-block-media-text alignwide has-media-on-the-right\"><figure class=\"wp-block-media-text__media\"><img loading=\"lazy\" decoding=\"async\" width=\"273\" height=\"414\" src=\"https:\/\/katzemall.store\/wordpress\/wp-content\/uploads\/2020\/01\/90er.png\" alt=\"Katzemall 90er\" class=\"wp-image-294\" srcset=\"https:\/\/katzemall.store\/wordpress\/wp-content\/uploads\/2020\/01\/90er.png 273w, https:\/\/katzemall.store\/wordpress\/wp-content\/uploads\/2020\/01\/90er-198x300.png 198w\" sizes=\"auto, (max-width: 273px) 100vw, 273px\" \/><\/figure><div class=\"wp-block-media-text__content\">\n<p class=\"has-large-font-size\"><a href=\"https:\/\/katzemall.store\/?page_id=2\"><strong>Katzemall<\/strong><\/a><\/p>\n<\/div><\/div>\n","protected":false},"excerpt":{"rendered":"<p>Herzlichst willkommen bei Katzemall! Wir hoffen eure W\u00fcnsche erf\u00fcllen zu k\u00f6nnen! Hier entsteht eine Webseite auf der ihr uns kennenlernen, unsere Produkte bestellen und irgendwann auch eure eigenen Produkte designen k\u00f6nnt. Bis dahin k\u00f6nnen bereits einige M\u00fctzen und Stirnb\u00e4nder im Shop gekauft werden. Bald folgen Berichte zu unserer Wolle, den Ideen hinter den Produkten und [&hellip;]<\/p>\n","protected":false},"author":1,"featured_media":0,"parent":0,"menu_order":0,"comment_status":"closed","ping_status":"closed","template":"","meta":{"jetpack_post_was_ever_published":false,"footnotes":""},"class_list":["post-37","page","type-page","status-publish","hentry"],"jetpack_sharing_enabled":true,"jetpack_shortlink":"https:\/\/wp.me\/PaU2n3-B","_links":{"self":[{"href":"https:\/\/katzemall.store\/index.php?rest_route=\/wp\/v2\/pages\/37","targetHints":{"allow":["GET"]}}],"collection":[{"href":"https:\/\/katzemall.store\/index.php?rest_route=\/wp\/v2\/pages"}],"about":[{"href":"https:\/\/katzemall.store\/index.php?rest_route=\/wp\/v2\/types\/page"}],"author":[{"embeddable":true,"href":"https:\/\/katzemall.store\/index.php?rest_route=\/wp\/v2\/users\/1"}],"replies":[{"embeddable":true,"href":"https:\/\/katzemall.store\/index.php?rest_route=%2Fwp%2Fv2%2Fcomments&post=37"}],"version-history":[{"count":4,"href":"https:\/\/katzemall.store\/index.php?rest_route=\/wp\/v2\/pages\/37\/revisions"}],"predecessor-version":[{"id":332,"href":"https:\/\/katzemall.store\/index.php?rest_route=\/wp\/v2\/pages\/37\/revisions\/332"}],"wp:attachment":[{"href":"https:\/\/katzemall.store\/index.php?rest_route=%2Fwp%2Fv2%2Fmedia&parent=37"}],"curies":[{"name":"wp","href":"https:\/\/api.w.org\/{rel}","templated":true}]}}