{"id":523,"date":"2020-10-07T22:30:21","date_gmt":"2020-10-07T20:30:21","guid":{"rendered":"https:\/\/katzemall.store\/?page_id=523"},"modified":"2025-10-15T12:00:07","modified_gmt":"2025-10-15T10:00:07","slug":"individuelle-muetzen","status":"publish","type":"page","link":"https:\/\/katzemall.store\/?page_id=523","title":{"rendered":"Farbpalette"},"content":{"rendered":"\n<p>Wir haben aktuell 20 Farbt\u00f6ne zur Auswahl. Beachtet dabei, dass die Farben, f\u00fcr die Darstellung auf Bildschirmen optimiert wurden. Schaut euch auch die <a href=\"https:\/\/katzemall.store\/wordpress\/?product_cat=muetzen\">Mustermodelle<\/a> oder <a href=\"https:\/\/katzemall.store\/?page_id=43\">Impressionen<\/a> an, um zu sehen wie die Farben in der Realit\u00e4t wirken!<\/p>\n\n\n\n<div class=\"wp-block-group\"><div class=\"wp-block-group__inner-container is-layout-flow wp-block-group-is-layout-flow\"><\/div><\/div>\n\n\n<div class=\"wp-block-image\">\n<figure class=\"aligncenter size-large\"><img loading=\"lazy\" decoding=\"async\" width=\"819\" height=\"1024\" src=\"https:\/\/katzemall.store\/wordpress\/wp-content\/uploads\/2025\/10\/Farbpalette2020-819x1024.png\" alt=\"Alle Farben verf\u00fcgbar f\u00fcr die originale Katzemall Individuell Wendem\u00fctze\" class=\"wp-image-652\" srcset=\"https:\/\/katzemall.store\/wordpress\/wp-content\/uploads\/2025\/10\/Farbpalette2020-819x1024.png 819w, https:\/\/katzemall.store\/wordpress\/wp-content\/uploads\/2025\/10\/Farbpalette2020-240x300.png 240w, https:\/\/katzemall.store\/wordpress\/wp-content\/uploads\/2025\/10\/Farbpalette2020-768x960.png 768w, https:\/\/katzemall.store\/wordpress\/wp-content\/uploads\/2025\/10\/Farbpalette2020-416x520.png 416w, https:\/\/katzemall.store\/wordpress\/wp-content\/uploads\/2025\/10\/Farbpalette2020.png 1080w\" sizes=\"auto, (max-width: 819px) 100vw, 819px\" \/><figcaption class=\"wp-element-caption\">Farbpalette Katzemall<\/figcaption><\/figure><\/div>\n\n\n<p>F\u00fcr den Melange Effekt, k\u00f6nnt ihr euch von den folgenden Kombinationen inspirieren lassen. Prinzipiell lassen sich alle Farben mit einander kombinieren. Dabei k\u00f6nnen immer zwei Farben parallel laufen. Das Muster das, hierbei auftritt ist prinzipiell zuf\u00e4llig. Die Dominanz einer Farbe kann noch bei der Produktion beeinflusst werden. Zum Beispiel kann eine Hellgr\u00fcn-Dunkelgr\u00fcne M\u00fctze,  im oberen Bereich Hellgr\u00fcn-Dominant und unteren Bereich Dunkelgr\u00fcn-Dominant sein. <\/p>\n\n\n\n<div class=\"wp-block-jetpack-tiled-gallery aligncenter is-style-circle\"><div class=\"\"><div class=\"tiled-gallery__gallery\"><div class=\"tiled-gallery__row columns-2\"><div class=\"tiled-gallery__col\"><figure class=\"tiled-gallery__item\"><img decoding=\"async\" srcset=\"https:\/\/i0.wp.com\/katzemall.store\/wordpress\/wp-content\/uploads\/2020\/10\/km_farbpalette_mel_hellgrau_rot.jpg?resize=600%2C600&#038;strip=info&#038;ssl=1 600w,https:\/\/i0.wp.com\/katzemall.store\/wordpress\/wp-content\/uploads\/2020\/10\/km_farbpalette_mel_hellgrau_rot.jpg?resize=900%2C900&#038;strip=info&#038;ssl=1 900w\" alt=\"Melange Hellgrau-Rot\" data-height=\"900\" data-id=\"578\" data-link=\"https:\/\/katzemall.store\/?attachment_id=578\" data-url=\"https:\/\/katzemall.store\/wordpress\/wp-content\/uploads\/2020\/10\/km_farbpalette_mel_hellgrau_rot.jpg\" data-width=\"900\" src=\"https:\/\/i0.wp.com\/katzemall.store\/wordpress\/wp-content\/uploads\/2020\/10\/km_farbpalette_mel_hellgrau_rot.jpg?ssl=1&amp;resize=900%2C900\" data-amp-layout=\"responsive\"\/><\/figure><\/div><div class=\"tiled-gallery__col\"><figure class=\"tiled-gallery__item\"><img decoding=\"async\" srcset=\"https:\/\/i0.wp.com\/katzemall.store\/wordpress\/wp-content\/uploads\/2020\/10\/km_farbpalette_mel_hellgruen_dunkelgruen-fasrig.jpg?resize=600%2C600&#038;strip=info&#038;ssl=1 600w,https:\/\/i0.wp.com\/katzemall.store\/wordpress\/wp-content\/uploads\/2020\/10\/km_farbpalette_mel_hellgruen_dunkelgruen-fasrig.jpg?resize=900%2C900&#038;strip=info&#038;ssl=1 900w\" alt=\"Melange Hellgr\u00fcn-Dunkelgr\u00fcn fasrig\" data-height=\"900\" data-id=\"579\" data-link=\"https:\/\/katzemall.store\/?attachment_id=579\" data-url=\"https:\/\/katzemall.store\/wordpress\/wp-content\/uploads\/2020\/10\/km_farbpalette_mel_hellgruen_dunkelgruen-fasrig.jpg\" data-width=\"900\" src=\"https:\/\/i0.wp.com\/katzemall.store\/wordpress\/wp-content\/uploads\/2020\/10\/km_farbpalette_mel_hellgruen_dunkelgruen-fasrig.jpg?ssl=1&amp;resize=900%2C900\" data-amp-layout=\"responsive\"\/><\/figure><\/div><\/div><\/div><\/div><\/div>\n\n\n\n<p>Bei der Bestellung einer <a href=\"https:\/\/katzemall.store\/?product=katzemall-wendisch-individuell\">Katzemall Wendisch Individuell<\/a> k\u00f6nnt Ihr uns durch einen Kommentar mitteilen, wie Eure Wendem\u00fctze aussehen soll. Gerne rufen wir euch zur genauen Absprache oder zur Terminabsprache f\u00fcr einen Werkstattbesuch zur\u00fcck.<\/p>\n\n\n\n<figure class=\"wp-block-pullquote\"><blockquote><p>Durch den Melange Effekt entsteht garantiert immer ein absolutes Einzelst\u00fcck!<\/p><cite>Katzemall<\/cite><\/blockquote><\/figure>\n\n\n\n<p>Wenn ihr die beiden Seiten eurer Wunschm\u00fctze entwerft, achtet darauf, die beiden Seiten aufeinander abzustimmen. Es gibt grunds\u00e4tzlich 4 Arten die M\u00fctzen zu tragen. Bei den Variante 3 und 4 ist der Umschlag je in der Farbe der Gegenseite. Die Uni-Size Gr\u00f6\u00dfe besteht aus 72 Reihen, die individuell gestaltet werden k\u00f6nnen. Ein Farbwechsel kann alle 5 Reihen erfolgen. <\/p>\n\n\n<div class=\"wp-block-image\">\n<figure class=\"aligncenter size-large\"><img loading=\"lazy\" decoding=\"async\" width=\"398\" height=\"575\" src=\"https:\/\/katzemall.store\/wordpress\/wp-content\/uploads\/2020\/01\/Tragevarianten_snip.png\" alt=\"Katzemall Wendisch Tragweisen\" class=\"wp-image-249\" srcset=\"https:\/\/katzemall.store\/wordpress\/wp-content\/uploads\/2020\/01\/Tragevarianten_snip.png 398w, https:\/\/katzemall.store\/wordpress\/wp-content\/uploads\/2020\/01\/Tragevarianten_snip-208x300.png 208w\" sizes=\"auto, (max-width: 398px) 100vw, 398px\" \/><figcaption class=\"wp-element-caption\">Die Originale 4 in 1 Wendisch M\u00fctze <\/figcaption><\/figure><\/div>\n\n\n<p><\/p>\n\n\n<div data-block-name=\"woocommerce\/handpicked-products\" data-products=\"[252,495,502]\" class=\"wc-block-grid wp-block-handpicked-products wp-block-woocommerce-handpicked-products wc-block-handpicked-products has-3-columns has-multiple-rows alignwide\"><ul class=\"wc-block-grid__products\"><li class=\"wc-block-grid__product\">\n\t\t\t\t<a href=\"https:\/\/katzemall.store\/?product=katzemall-wendisch-gutschein\" class=\"wc-block-grid__product-link\">\n\t\t\t\t\t\n\t\t\t\t\t<div class=\"wc-block-grid__product-image\"><img loading=\"lazy\" decoding=\"async\" width=\"324\" height=\"324\" src=\"https:\/\/katzemall.store\/wordpress\/wp-content\/uploads\/2019\/04\/P1006246-324x324.jpg\" class=\"attachment-woocommerce_thumbnail size-woocommerce_thumbnail\" alt=\"Katzemall Gutschein\" srcset=\"https:\/\/katzemall.store\/wordpress\/wp-content\/uploads\/2019\/04\/P1006246-324x324.jpg 324w, https:\/\/katzemall.store\/wordpress\/wp-content\/uploads\/2019\/04\/P1006246-150x150.jpg 150w, https:\/\/katzemall.store\/wordpress\/wp-content\/uploads\/2019\/04\/P1006246-100x100.jpg 100w\" sizes=\"auto, (max-width: 324px) 100vw, 324px\"><\/div>\n\t\t\t\t\t<div class=\"wc-block-grid__product-title\">Katzemall Wendisch Gutschein<\/div>\n\t\t\t\t<\/a>\n\t\t\t\t<div class=\"wc-block-grid__product-price price\"><span class=\"woocommerce-Price-amount amount\">39,99<span class=\"woocommerce-Price-currencySymbol\">&euro;<\/span><\/span><\/div><p class=\"wc-gzd-additional-info wc-gzd-additional-info-loop tax-info\">inkl. 19 % MwSt.<\/p><p class=\"wc-gzd-additional-info wc-gzd-additional-info-loop shipping-costs-info\">zzgl. <a href=\"https:\/\/katzemall.store\/?page_id=148\" target=\"_blank\">Versandkosten<\/a><\/p>\n\t\t\t\t\n\t\t\t\t<div class=\"wp-block-button wc-block-grid__product-add-to-cart\"><a href=\"\/index.php?rest_route=%2Fwp%2Fv2%2Fpages%2F523&amp;add-to-cart=502\" aria-label=\"In den Warenkorb legen: &bdquo;Katzemall Wendisch Gutschein&ldquo;\" data-quantity=\"1\" data-product_id=\"502\" data-product_sku=\"0108-1\" data-price=\"39.99\" rel=\"nofollow\" class=\"wp-block-button__link  add_to_cart_button ajax_add_to_cart\">In den Warenkorb<\/a><\/div>\n\t\t\t<\/li>\n<li class=\"wc-block-grid__product\">\n\t\t\t\t<a href=\"https:\/\/katzemall.store\/?product=katzemall-wendisch-individuell\" class=\"wc-block-grid__product-link\">\n\t\t\t\t\t\n\t\t\t\t\t<div class=\"wc-block-grid__product-image\"><img loading=\"lazy\" decoding=\"async\" width=\"324\" height=\"324\" src=\"https:\/\/katzemall.store\/wordpress\/wp-content\/uploads\/2019\/04\/P1006345-324x324.jpg\" class=\"attachment-woocommerce_thumbnail size-woocommerce_thumbnail\" alt=\"Katzemall M&uuml;tzen Haufen\" srcset=\"https:\/\/katzemall.store\/wordpress\/wp-content\/uploads\/2019\/04\/P1006345-324x324.jpg 324w, https:\/\/katzemall.store\/wordpress\/wp-content\/uploads\/2019\/04\/P1006345-150x150.jpg 150w, https:\/\/katzemall.store\/wordpress\/wp-content\/uploads\/2019\/04\/P1006345-100x100.jpg 100w\" sizes=\"auto, (max-width: 324px) 100vw, 324px\"><\/div>\n\t\t\t\t\t<div class=\"wc-block-grid__product-title\">Katzemall Wendisch Individuell<\/div>\n\t\t\t\t<\/a>\n\t\t\t\t<div class=\"wc-block-grid__product-price price\"><span class=\"woocommerce-Price-amount amount\">39,99<span class=\"woocommerce-Price-currencySymbol\">&euro;<\/span><\/span><\/div><p class=\"wc-gzd-additional-info wc-gzd-additional-info-loop tax-info\">inkl. 19 % MwSt.<\/p><p class=\"wc-gzd-additional-info wc-gzd-additional-info-loop shipping-costs-info\">zzgl. <a href=\"https:\/\/katzemall.store\/?page_id=148\" target=\"_blank\">Versandkosten<\/a><\/p>\n\t\t\t\t\n\t\t\t\t<div class=\"wp-block-button wc-block-grid__product-add-to-cart\"><a href=\"\/index.php?rest_route=%2Fwp%2Fv2%2Fpages%2F523&amp;add-to-cart=495\" aria-label=\"In den Warenkorb legen: &bdquo;Katzemall Wendisch Individuell&ldquo;\" data-quantity=\"1\" data-product_id=\"495\" data-product_sku=\"1111\" data-price=\"39.99\" rel=\"nofollow\" class=\"wp-block-button__link  add_to_cart_button ajax_add_to_cart\">In den Warenkorb<\/a><\/div>\n\t\t\t<\/li>\n<li class=\"wc-block-grid__product\">\n\t\t\t\t<a href=\"https:\/\/katzemall.store\/?product=katzemall-wendisch-classic-ii\" class=\"wc-block-grid__product-link\">\n\t\t\t\t\t\n\t\t\t\t\t<div class=\"wc-block-grid__product-image\"><img loading=\"lazy\" decoding=\"async\" width=\"324\" height=\"324\" src=\"https:\/\/katzemall.store\/wordpress\/wp-content\/uploads\/2019\/04\/P1006306-324x324.jpg\" class=\"attachment-woocommerce_thumbnail size-woocommerce_thumbnail\" alt=\"Katzemall Wendisch Classic\" srcset=\"https:\/\/katzemall.store\/wordpress\/wp-content\/uploads\/2019\/04\/P1006306-324x324.jpg 324w, https:\/\/katzemall.store\/wordpress\/wp-content\/uploads\/2019\/04\/P1006306-150x150.jpg 150w, https:\/\/katzemall.store\/wordpress\/wp-content\/uploads\/2019\/04\/P1006306-100x100.jpg 100w\" sizes=\"auto, (max-width: 324px) 100vw, 324px\"><\/div>\n\t\t\t\t\t<div class=\"wc-block-grid__product-title\">Katzemall Wendisch Classic<\/div>\n\t\t\t\t<\/a>\n\t\t\t\t<div class=\"wc-block-grid__product-price price\"><span class=\"woocommerce-Price-amount amount\">39,99<span class=\"woocommerce-Price-currencySymbol\">&euro;<\/span><\/span><\/div><p class=\"wc-gzd-additional-info wc-gzd-additional-info-loop tax-info\">inkl. 19 % MwSt.<\/p><p class=\"wc-gzd-additional-info wc-gzd-additional-info-loop shipping-costs-info\">zzgl. <a href=\"https:\/\/katzemall.store\/?page_id=148\" target=\"_blank\">Versandkosten<\/a><\/p>\n\t\t\t\t\n\t\t\t\t<div class=\"wp-block-button wc-block-grid__product-add-to-cart\"><a href=\"\/index.php?rest_route=%2Fwp%2Fv2%2Fpages%2F523&amp;add-to-cart=252\" aria-label=\"In den Warenkorb legen: &bdquo;Katzemall Wendisch Classic&ldquo;\" data-quantity=\"1\" data-product_id=\"252\" data-product_sku=\"0107\" data-price=\"39.99\" rel=\"nofollow\" class=\"wp-block-button__link  add_to_cart_button ajax_add_to_cart\">In den Warenkorb<\/a><\/div>\n\t\t\t<\/li>\n<\/ul><\/div>\n\n\n<p><\/p>\n","protected":false},"excerpt":{"rendered":"<p>Wir haben aktuell 20 Farbt\u00f6ne zur Auswahl. Beachtet dabei, dass die Farben, f\u00fcr die Darstellung auf Bildschirmen optimiert wurden. Schaut euch auch die Mustermodelle oder Impressionen an, um zu sehen wie die Farben in der Realit\u00e4t wirken! F\u00fcr den Melange Effekt, k\u00f6nnt ihr euch von den folgenden Kombinationen inspirieren lassen. Prinzipiell lassen sich alle Farben [&hellip;]<\/p>\n","protected":false},"author":1,"featured_media":0,"parent":0,"menu_order":0,"comment_status":"closed","ping_status":"closed","template":"","meta":{"jetpack_post_was_ever_published":false,"footnotes":""},"class_list":["post-523","page","type-page","status-publish","hentry"],"jetpack_sharing_enabled":true,"jetpack_shortlink":"https:\/\/wp.me\/PaU2n3-8r","_links":{"self":[{"href":"https:\/\/katzemall.store\/index.php?rest_route=\/wp\/v2\/pages\/523","targetHints":{"allow":["GET"]}}],"collection":[{"href":"https:\/\/katzemall.store\/index.php?rest_route=\/wp\/v2\/pages"}],"about":[{"href":"https:\/\/katzemall.store\/index.php?rest_route=\/wp\/v2\/types\/page"}],"author":[{"embeddable":true,"href":"https:\/\/katzemall.store\/index.php?rest_route=\/wp\/v2\/users\/1"}],"replies":[{"embeddable":true,"href":"https:\/\/katzemall.store\/index.php?rest_route=%2Fwp%2Fv2%2Fcomments&post=523"}],"version-history":[{"count":31,"href":"https:\/\/katzemall.store\/index.php?rest_route=\/wp\/v2\/pages\/523\/revisions"}],"predecessor-version":[{"id":654,"href":"https:\/\/katzemall.store\/index.php?rest_route=\/wp\/v2\/pages\/523\/revisions\/654"}],"wp:attachment":[{"href":"https:\/\/katzemall.store\/index.php?rest_route=%2Fwp%2Fv2%2Fmedia&parent=523"}],"curies":[{"name":"wp","href":"https:\/\/api.w.org\/{rel}","templated":true}]}}