{"id":247,"date":"2020-01-06T00:44:54","date_gmt":"2020-01-05T23:44:54","guid":{"rendered":"https:\/\/katzemall.store\/?post_type=product&#038;p=247"},"modified":"2026-04-15T10:52:06","modified_gmt":"2026-04-15T08:52:06","slug":"katzemall-wendisch-erdbaer","status":"publish","type":"product","link":"https:\/\/katzemall.store\/?product=katzemall-wendisch-erdbaer","title":{"rendered":"Katzemall Wendisch Erdb\u00e4r"},"content":{"rendered":"<p>Die<b> Erdb\u00e4r <\/b>ist das Fruchtfleisch auf deiner Birne<\/p>\n<p>Design:<\/p>\n<ul>\n<li>Seite 1: Rosa-Beige<\/li>\n<li>Seite 2: Erdbeer-Bordeaux<\/li>\n<\/ul>\n<p>Wolle:<\/p>\n<ul>\n<li>15% Alpaka<\/li>\n<li>5% Baumwolle<\/li>\n<li>80% Acryl<\/li>\n<\/ul>\n<p>&nbsp;<\/p>\n","protected":false},"excerpt":{"rendered":"<p>Katzemall Erdb\u00e4r<\/p>\n<p>15% Alpaka, 5% Baumwolle, 80% Acryl<\/p>\n<p>2 in 1 Wendem\u00fctze Rosa-Beige und Erbeer-Bordeaux<\/p>\n<p>Die Katzemall Wendisch sorgt f\u00fcr einen Warmen Kopf. Alpakawolle h\u00e4lt die M\u00fctze atmungsaktiv. Das doppelseitige Design sorgt f\u00fcr die n\u00f6tige Flexibilit\u00e4t im Look. Die M\u00fctzen sind f\u00fcr Outdooraktivit\u00e4ten, genauso wie f\u00fcr den t\u00e4glichen Gang zur Arbeit gemacht, und sorgen f\u00fcr die Extra-Portion Wohlf\u00fchlen bei jedem Wetter.<\/p>\n<p>Die Kombination von verschieden Farb-F\u00e4den, f\u00fchrt zu einmaligen Mustern. Dadurch ist jede M\u00fctze ein absolutes Unikat. Die Bilder dienen der Anschauung. Die Linienf\u00fchrung und Farb\u00fcberg\u00e4nge weichen in der Realit\u00e4t sicher davon ab.<\/p>\n<p>Als echte Katzemall Wendem\u00fctze l\u00e4sst sie sich auf 4 Arten Tragen und passt durch die Katzemall Unisize auf jeden Kopf.<\/p>\n","protected":false},"featured_media":107,"comment_status":"open","ping_status":"closed","template":"","meta":{"jetpack_post_was_ever_published":false,"jetpack_publicize_message":"","jetpack_publicize_feature_enabled":true,"jetpack_social_post_already_shared":true,"jetpack_social_options":{"image_generator_settings":{"template":"highway","default_image_id":0,"font":"","enabled":false},"version":2}},"product_brand":[],"product_cat":[16],"product_tag":[21,35,47,45,44,46,20,22,23,19,25],"class_list":{"0":"post-247","1":"product","2":"type-product","3":"status-publish","4":"has-post-thumbnail","6":"product_cat-muetzen","7":"product_tag-alpaka","8":"product_tag-beanie","9":"product_tag-beige","10":"product_tag-erbeere","11":"product_tag-erdbaer","12":"product_tag-himbeer","13":"product_tag-muetze","14":"product_tag-rosa","15":"product_tag-rot","16":"product_tag-wendemuetze","17":"product_tag-wolle","19":"first","20":"instock","21":"taxable","22":"shipping-taxable","23":"purchasable","24":"product-type-simple"},"jetpack_publicize_connections":[],"jetpack_sharing_enabled":true,"_links":{"self":[{"href":"https:\/\/katzemall.store\/index.php?rest_route=\/wp\/v2\/product\/247","targetHints":{"allow":["GET"]}}],"collection":[{"href":"https:\/\/katzemall.store\/index.php?rest_route=\/wp\/v2\/product"}],"about":[{"href":"https:\/\/katzemall.store\/index.php?rest_route=\/wp\/v2\/types\/product"}],"replies":[{"embeddable":true,"href":"https:\/\/katzemall.store\/index.php?rest_route=%2Fwp%2Fv2%2Fcomments&post=247"}],"wp:featuredmedia":[{"embeddable":true,"href":"https:\/\/katzemall.store\/index.php?rest_route=\/wp\/v2\/media\/107"}],"wp:attachment":[{"href":"https:\/\/katzemall.store\/index.php?rest_route=%2Fwp%2Fv2%2Fmedia&parent=247"}],"wp:term":[{"taxonomy":"product_brand","embeddable":true,"href":"https:\/\/katzemall.store\/index.php?rest_route=%2Fwp%2Fv2%2Fproduct_brand&post=247"},{"taxonomy":"product_cat","embeddable":true,"href":"https:\/\/katzemall.store\/index.php?rest_route=%2Fwp%2Fv2%2Fproduct_cat&post=247"},{"taxonomy":"product_tag","embeddable":true,"href":"https:\/\/katzemall.store\/index.php?rest_route=%2Fwp%2Fv2%2Fproduct_tag&post=247"}],"curies":[{"name":"wp","href":"https:\/\/api.w.org\/{rel}","templated":true}]}}